{"id":677,"date":"2023-09-18T02:54:29","date_gmt":"2023-09-18T02:54:29","guid":{"rendered":"https:\/\/kerea.mx\/?page_id=677"},"modified":"2023-10-05T04:57:40","modified_gmt":"2023-10-05T04:57:40","slug":"nosotros","status":"publish","type":"page","link":"https:\/\/kerea.mx\/index.php\/nosotros\/","title":{"rendered":"Nosotros"},"content":{"rendered":"\t\t<div data-elementor-type=\"wp-page\" data-elementor-id=\"677\" class=\"elementor elementor-677\">\n\t\t\t\t\t\t<section class=\"elementor-section elementor-top-section elementor-element elementor-element-bcade8e elementor-section-height-min-height elementor-section-boxed elementor-section-height-default elementor-section-items-middle wpr-particle-no wpr-jarallax-no wpr-parallax-no wpr-sticky-section-no\" data-id=\"bcade8e\" data-element_type=\"section\" data-settings=\"{&quot;background_background&quot;:&quot;classic&quot;}\">\n\t\t\t\t\t\t\t<div class=\"elementor-background-overlay\"><\/div>\n\t\t\t\t\t\t\t<div class=\"elementor-container elementor-column-gap-default\">\n\t\t\t\t\t<div class=\"elementor-column elementor-col-100 elementor-top-column elementor-element elementor-element-e9fba67\" data-id=\"e9fba67\" data-element_type=\"column\">\n\t\t\t<div class=\"elementor-widget-wrap elementor-element-populated\">\n\t\t\t\t\t\t<div class=\"elementor-element elementor-element-a5747bf animated-fast elementor-invisible elementor-widget elementor-widget-heading\" data-id=\"a5747bf\" data-element_type=\"widget\" data-settings=\"{&quot;_animation&quot;:&quot;fadeInUp&quot;}\" data-widget_type=\"heading.default\">\n\t\t\t\t<div class=\"elementor-widget-container\">\n\t\t\t\t\t<h2 class=\"elementor-heading-title elementor-size-default\">Nosotros<\/h2>\t\t\t\t<\/div>\n\t\t\t\t<\/div>\n\t\t\t\t\t<\/div>\n\t\t<\/div>\n\t\t\t\t\t<\/div>\n\t\t<\/section>\n\t\t\t\t<section class=\"elementor-section elementor-top-section elementor-element elementor-element-bc5bf60 elementor-section-height-min-height elementor-section-boxed elementor-section-height-default elementor-section-items-middle wpr-particle-no wpr-jarallax-no wpr-parallax-no wpr-sticky-section-no\" data-id=\"bc5bf60\" data-element_type=\"section\" data-settings=\"{&quot;background_background&quot;:&quot;classic&quot;}\">\n\t\t\t\t\t\t<div class=\"elementor-container elementor-column-gap-default\">\n\t\t\t\t\t<div class=\"elementor-column elementor-col-100 elementor-top-column elementor-element elementor-element-3a6b7e5\" data-id=\"3a6b7e5\" data-element_type=\"column\">\n\t\t\t<div class=\"elementor-widget-wrap elementor-element-populated\">\n\t\t\t\t\t\t<div class=\"elementor-element elementor-element-c128f80 animated-fast elementor-invisible elementor-widget elementor-widget-heading\" data-id=\"c128f80\" data-element_type=\"widget\" data-settings=\"{&quot;_animation&quot;:&quot;fadeInUp&quot;}\" data-widget_type=\"heading.default\">\n\t\t\t\t<div class=\"elementor-widget-container\">\n\t\t\t\t\t<h2 class=\"elementor-heading-title elementor-size-default\">K\u00e9rea\u00a9 es una empresa que brinda un completo rango de servicios de ingenier\u00eda y se caracteriza por su alta capacidad de respuesta para atender las necesidades de sus clientes.<\/h2>\t\t\t\t<\/div>\n\t\t\t\t<\/div>\n\t\t\t\t\t<\/div>\n\t\t<\/div>\n\t\t\t\t\t<\/div>\n\t\t<\/section>\n\t\t\t\t<section class=\"elementor-section elementor-top-section elementor-element elementor-element-8cb2c38 elementor-section-boxed elementor-section-height-default elementor-section-height-default wpr-particle-no wpr-jarallax-no wpr-parallax-no wpr-sticky-section-no\" data-id=\"8cb2c38\" data-element_type=\"section\">\n\t\t\t\t\t\t<div class=\"elementor-container elementor-column-gap-no\">\n\t\t\t\t\t<div class=\"elementor-column elementor-col-50 elementor-top-column elementor-element elementor-element-937e2dc\" data-id=\"937e2dc\" data-element_type=\"column\">\n\t\t\t<div class=\"elementor-widget-wrap elementor-element-populated\">\n\t\t\t\t\t\t<div class=\"elementor-element elementor-element-589dca8 animated-fast elementor-invisible elementor-widget elementor-widget-heading\" data-id=\"589dca8\" data-element_type=\"widget\" data-settings=\"{&quot;_animation&quot;:&quot;fadeInUp&quot;}\" data-widget_type=\"heading.default\">\n\t\t\t\t<div class=\"elementor-widget-container\">\n\t\t\t\t\t<h2 class=\"elementor-heading-title elementor-size-default\">Valores:<\/h2>\t\t\t\t<\/div>\n\t\t\t\t<\/div>\n\t\t\t\t<div class=\"elementor-element elementor-element-98f0a23 elementor-widget elementor-widget-premium-icon-list\" data-id=\"98f0a23\" data-element_type=\"widget\" data-settings=\"{&quot;premium_icon_list_animation&quot;:&quot;fadeIn&quot;,&quot;rbadges_repeater&quot;:[],&quot;premium_icon_list_animation_delay&quot;:0}\" data-widget_type=\"premium-icon-list.default\">\n\t\t\t\t<div class=\"elementor-widget-container\">\n\t\t\t\t\t\t\t\t<ul class=\"premium-bullet-list-box\" data-list-animation=\"fadeIn animated-\">\r\n\t\t\r\n\t\t\t<li class=\"premium-bullet-list-content elementor-repeater-item-4d64621 premium-bullet-list-content-grow-cc\" data-delay=\"0\">\r\n\t\t\t\t<div class=\"premium-bullet-list-text\">\r\n\t\t\t\t\t\t\t\t<div class=\"premium-bullet-list-wrapper premium-bullet-list-wrapper-top \">\r\n\t\t\t\t\t<div class=\"premium-drawable-icon\"><i class=\"premium-svg-nodraw fa fa-check\" aria-hidden=\"true\"><\/i><\/div>\t\t\t\t<\/div>\r\n\t\t\t\t\r\n\t\t\t\t<span   data-text=\"Compromiso\"> Compromiso <\/span>\r\n\t\t\t\t<\/div>\r\n\r\n\t\t\t\t\r\n\t\t\t\t\r\n\t\t\t<\/li>\r\n\r\n\t\t\t\t\r\n\t\t\t<li class=\"premium-bullet-list-content elementor-repeater-item-7629dcb premium-bullet-list-content-grow-cc\" data-delay=\"0\">\r\n\t\t\t\t<div class=\"premium-bullet-list-text\">\r\n\t\t\t\t\t\t\t\t<div class=\"premium-bullet-list-wrapper premium-bullet-list-wrapper-top \">\r\n\t\t\t\t\t<div class=\"premium-drawable-icon\"><i class=\"premium-svg-nodraw fa fa-check\" aria-hidden=\"true\"><\/i><\/div>\t\t\t\t<\/div>\r\n\t\t\t\t\r\n\t\t\t\t<span   data-text=\"Responsabilidad\"> Responsabilidad <\/span>\r\n\t\t\t\t<\/div>\r\n\r\n\t\t\t\t\r\n\t\t\t\t\r\n\t\t\t<\/li>\r\n\r\n\t\t\t\t\r\n\t\t\t<li class=\"premium-bullet-list-content elementor-repeater-item-da7a4ce premium-bullet-list-content-grow-cc\" data-delay=\"0\">\r\n\t\t\t\t<div class=\"premium-bullet-list-text\">\r\n\t\t\t\t\t\t\t\t<div class=\"premium-bullet-list-wrapper premium-bullet-list-wrapper-top \">\r\n\t\t\t\t\t<div class=\"premium-drawable-icon\"><i class=\"premium-svg-nodraw fa fa-check\" aria-hidden=\"true\"><\/i><\/div>\t\t\t\t<\/div>\r\n\t\t\t\t\r\n\t\t\t\t<span   data-text=\"Eficiencia\"> Eficiencia <\/span>\r\n\t\t\t\t<\/div>\r\n\r\n\t\t\t\t\r\n\t\t\t\t\r\n\t\t\t<\/li>\r\n\r\n\t\t\t\t\r\n\t\t\t<li class=\"premium-bullet-list-content elementor-repeater-item-0d9552e premium-bullet-list-content-grow-cc\" data-delay=\"0\">\r\n\t\t\t\t<div class=\"premium-bullet-list-text\">\r\n\t\t\t\t\t\t\t\t<div class=\"premium-bullet-list-wrapper premium-bullet-list-wrapper-top \">\r\n\t\t\t\t\t<div class=\"premium-drawable-icon\"><i class=\"premium-svg-nodraw fa fa-check\" aria-hidden=\"true\"><\/i><\/div>\t\t\t\t<\/div>\r\n\t\t\t\t\r\n\t\t\t\t<span   data-text=\"Calidad\"> Calidad <\/span>\r\n\t\t\t\t<\/div>\r\n\r\n\t\t\t\t\r\n\t\t\t\t\r\n\t\t\t<\/li>\r\n\r\n\t\t\t\t\t\t<\/ul>\r\n\t\t\t\t\t\t<\/div>\n\t\t\t\t<\/div>\n\t\t\t\t\t<\/div>\n\t\t<\/div>\n\t\t\t\t<div class=\"elementor-column elementor-col-50 elementor-top-column elementor-element elementor-element-db8bfac\" data-id=\"db8bfac\" data-element_type=\"column\">\n\t\t\t<div class=\"elementor-widget-wrap elementor-element-populated\">\n\t\t\t\t\t\t<div class=\"elementor-element elementor-element-af85846 elementor-widget elementor-widget-image\" data-id=\"af85846\" data-element_type=\"widget\" data-widget_type=\"image.default\">\n\t\t\t\t<div class=\"elementor-widget-container\">\n\t\t\t\t\t\t\t\t\t\t\t\t\t\t\t<img fetchpriority=\"high\" decoding=\"async\" width=\"848\" height=\"510\" src=\"https:\/\/kerea.mx\/wp-content\/uploads\/2023\/10\/Group-1961.png\" class=\"attachment-full size-full wp-image-1192\" alt=\"\" srcset=\"https:\/\/kerea.mx\/wp-content\/uploads\/2023\/10\/Group-1961.png 848w, https:\/\/kerea.mx\/wp-content\/uploads\/2023\/10\/Group-1961-300x180.png 300w, https:\/\/kerea.mx\/wp-content\/uploads\/2023\/10\/Group-1961-768x462.png 768w\" sizes=\"(max-width: 848px) 100vw, 848px\" \/>\t\t\t\t\t\t\t\t\t\t\t\t\t\t\t<\/div>\n\t\t\t\t<\/div>\n\t\t\t\t\t<\/div>\n\t\t<\/div>\n\t\t\t\t\t<\/div>\n\t\t<\/section>\n\t\t\t\t<\/div>\n\t\t","protected":false},"excerpt":{"rendered":"<p>Nosotros K\u00e9rea\u00a9 es una empresa que brinda un completo rango de servicios de ingenier\u00eda y se caracteriza por su alta capacidad de respuesta para atender las necesidades de sus clientes. Valores: Compromiso Responsabilidad Eficiencia Calidad<\/p>\n","protected":false},"author":1,"featured_media":404,"parent":0,"menu_order":0,"comment_status":"closed","ping_status":"closed","template":"","meta":{"_monsterinsights_skip_tracking":false,"_monsterinsights_sitenote_active":false,"_monsterinsights_sitenote_note":"","_monsterinsights_sitenote_category":0,"site-sidebar-layout":"no-sidebar","site-content-layout":"","ast-site-content-layout":"full-width-container","site-content-style":"default","site-sidebar-style":"default","ast-global-header-display":"","ast-banner-title-visibility":"","ast-main-header-display":"","ast-hfb-above-header-display":"","ast-hfb-below-header-display":"","ast-hfb-mobile-header-display":"","site-post-title":"disabled","ast-breadcrumbs-content":"","ast-featured-img":"disabled","footer-sml-layout":"","theme-transparent-header-meta":"","adv-header-id-meta":"","stick-header-meta":"","header-above-stick-meta":"","header-main-stick-meta":"","header-below-stick-meta":"","astra-migrate-meta-layouts":"","ast-page-background-enabled":"default","ast-page-background-meta":{"desktop":{"background-color":"var(--ast-global-color-4)","background-image":"","background-repeat":"repeat","background-position":"center center","background-size":"auto","background-attachment":"scroll","background-type":"","background-media":"","overlay-type":"","overlay-color":"","overlay-gradient":""},"tablet":{"background-color":"","background-image":"","background-repeat":"repeat","background-position":"center center","background-size":"auto","background-attachment":"scroll","background-type":"","background-media":"","overlay-type":"","overlay-color":"","overlay-gradient":""},"mobile":{"background-color":"","background-image":"","background-repeat":"repeat","background-position":"center center","background-size":"auto","background-attachment":"scroll","background-type":"","background-media":"","overlay-type":"","overlay-color":"","overlay-gradient":""}},"ast-content-background-meta":{"desktop":{"background-color":"var(--ast-global-color-5)","background-image":"","background-repeat":"repeat","background-position":"center center","background-size":"auto","background-attachment":"scroll","background-type":"","background-media":"","overlay-type":"","overlay-color":"","overlay-gradient":""},"tablet":{"background-color":"var(--ast-global-color-5)","background-image":"","background-repeat":"repeat","background-position":"center center","background-size":"auto","background-attachment":"scroll","background-type":"","background-media":"","overlay-type":"","overlay-color":"","overlay-gradient":""},"mobile":{"background-color":"var(--ast-global-color-5)","background-image":"","background-repeat":"repeat","background-position":"center center","background-size":"auto","background-attachment":"scroll","background-type":"","background-media":"","overlay-type":"","overlay-color":"","overlay-gradient":""}},"footnotes":""},"yoast_head":"<!-- This site is optimized with the Yoast SEO plugin v22.6 - https:\/\/yoast.com\/wordpress\/plugins\/seo\/ -->\n<title>Nosotros - kerea.mx<\/title>\n<meta name=\"description\" content=\"Departamento de herrer\u00eda. Nuestro equipo de expertos en metalurgia est\u00e1 dedicado a crear soluciones a la medida.\" \/>\n<meta name=\"robots\" content=\"index, follow, max-snippet:-1, max-image-preview:large, max-video-preview:-1\" \/>\n<link rel=\"canonical\" href=\"https:\/\/kerea.mx\/index.php\/nosotros\/\" \/>\n<meta property=\"og:locale\" content=\"es_MX\" \/>\n<meta property=\"og:type\" content=\"article\" \/>\n<meta property=\"og:title\" content=\"Nosotros - kerea.mx\" \/>\n<meta property=\"og:description\" content=\"Departamento de herrer\u00eda. Nuestro equipo de expertos en metalurgia est\u00e1 dedicado a crear soluciones a la medida.\" \/>\n<meta property=\"og:url\" content=\"https:\/\/kerea.mx\/index.php\/nosotros\/\" \/>\n<meta property=\"og:site_name\" content=\"kerea.mx\" \/>\n<meta property=\"article:modified_time\" content=\"2023-10-05T04:57:40+00:00\" \/>\n<meta property=\"og:image\" content=\"http:\/\/kerea.mx\/wp-content\/uploads\/2023\/09\/herreria.webp\" \/>\n\t<meta property=\"og:image:width\" content=\"1728\" \/>\n\t<meta property=\"og:image:height\" content=\"496\" \/>\n\t<meta property=\"og:image:type\" content=\"image\/webp\" \/>\n<meta name=\"twitter:card\" content=\"summary_large_image\" \/>\n<meta name=\"twitter:label1\" content=\"Tiempo de lectura\" \/>\n\t<meta name=\"twitter:data1\" content=\"1 minuto\" \/>\n<script type=\"application\/ld+json\" class=\"yoast-schema-graph\">{\"@context\":\"https:\/\/schema.org\",\"@graph\":[{\"@type\":\"WebPage\",\"@id\":\"https:\/\/kerea.mx\/index.php\/nosotros\/\",\"url\":\"https:\/\/kerea.mx\/index.php\/nosotros\/\",\"name\":\"Nosotros - kerea.mx\",\"isPartOf\":{\"@id\":\"https:\/\/kerea.mx\/#website\"},\"primaryImageOfPage\":{\"@id\":\"https:\/\/kerea.mx\/index.php\/nosotros\/#primaryimage\"},\"image\":{\"@id\":\"https:\/\/kerea.mx\/index.php\/nosotros\/#primaryimage\"},\"thumbnailUrl\":\"https:\/\/kerea.mx\/wp-content\/uploads\/2023\/09\/herreria.webp\",\"datePublished\":\"2023-09-18T02:54:29+00:00\",\"dateModified\":\"2023-10-05T04:57:40+00:00\",\"description\":\"Departamento de herrer\u00eda. Nuestro equipo de expertos en metalurgia est\u00e1 dedicado a crear soluciones a la medida.\",\"breadcrumb\":{\"@id\":\"https:\/\/kerea.mx\/index.php\/nosotros\/#breadcrumb\"},\"inLanguage\":\"es-MX\",\"potentialAction\":[{\"@type\":\"ReadAction\",\"target\":[\"https:\/\/kerea.mx\/index.php\/nosotros\/\"]}]},{\"@type\":\"ImageObject\",\"inLanguage\":\"es-MX\",\"@id\":\"https:\/\/kerea.mx\/index.php\/nosotros\/#primaryimage\",\"url\":\"https:\/\/kerea.mx\/wp-content\/uploads\/2023\/09\/herreria.webp\",\"contentUrl\":\"https:\/\/kerea.mx\/wp-content\/uploads\/2023\/09\/herreria.webp\",\"width\":1728,\"height\":496,\"caption\":\"departamento de herreria\"},{\"@type\":\"BreadcrumbList\",\"@id\":\"https:\/\/kerea.mx\/index.php\/nosotros\/#breadcrumb\",\"itemListElement\":[{\"@type\":\"ListItem\",\"position\":1,\"name\":\"Inicio\",\"item\":\"https:\/\/kerea.mx\/\"},{\"@type\":\"ListItem\",\"position\":2,\"name\":\"Nosotros\"}]},{\"@type\":\"WebSite\",\"@id\":\"https:\/\/kerea.mx\/#website\",\"url\":\"https:\/\/kerea.mx\/\",\"name\":\"kerea.mx\",\"description\":\"Soluciones de ingenier\u00eda\",\"publisher\":{\"@id\":\"https:\/\/kerea.mx\/#organization\"},\"alternateName\":\"Ingenier\u00eda el\u00e9ctrica y construcci\u00f3n\",\"potentialAction\":[{\"@type\":\"SearchAction\",\"target\":{\"@type\":\"EntryPoint\",\"urlTemplate\":\"https:\/\/kerea.mx\/?s={search_term_string}\"},\"query-input\":\"required name=search_term_string\"}],\"inLanguage\":\"es-MX\"},{\"@type\":\"Organization\",\"@id\":\"https:\/\/kerea.mx\/#organization\",\"name\":\"Kerea Soluciones de ingenier\u00eda\",\"alternateName\":\"Ingenier\u00eda el\u00e9ctrica y construcci\u00f3n\",\"url\":\"https:\/\/kerea.mx\/\",\"logo\":{\"@type\":\"ImageObject\",\"inLanguage\":\"es-MX\",\"@id\":\"https:\/\/kerea.mx\/#\/schema\/logo\/image\/\",\"url\":\"https:\/\/kerea.mx\/wp-content\/uploads\/2023\/08\/KEREA_LOGO.png\",\"contentUrl\":\"https:\/\/kerea.mx\/wp-content\/uploads\/2023\/08\/KEREA_LOGO.png\",\"width\":826,\"height\":434,\"caption\":\"Kerea Soluciones de ingenier\u00eda\"},\"image\":{\"@id\":\"https:\/\/kerea.mx\/#\/schema\/logo\/image\/\"}}]}<\/script>\n<!-- \/ Yoast SEO plugin. -->","yoast_head_json":{"title":"Nosotros - kerea.mx","description":"Departamento de herrer\u00eda. Nuestro equipo de expertos en metalurgia est\u00e1 dedicado a crear soluciones a la medida.","robots":{"index":"index","follow":"follow","max-snippet":"max-snippet:-1","max-image-preview":"max-image-preview:large","max-video-preview":"max-video-preview:-1"},"canonical":"https:\/\/kerea.mx\/index.php\/nosotros\/","og_locale":"es_MX","og_type":"article","og_title":"Nosotros - kerea.mx","og_description":"Departamento de herrer\u00eda. Nuestro equipo de expertos en metalurgia est\u00e1 dedicado a crear soluciones a la medida.","og_url":"https:\/\/kerea.mx\/index.php\/nosotros\/","og_site_name":"kerea.mx","article_modified_time":"2023-10-05T04:57:40+00:00","og_image":[{"width":1728,"height":496,"url":"http:\/\/kerea.mx\/wp-content\/uploads\/2023\/09\/herreria.webp","type":"image\/webp"}],"twitter_card":"summary_large_image","twitter_misc":{"Tiempo de lectura":"1 minuto"},"schema":{"@context":"https:\/\/schema.org","@graph":[{"@type":"WebPage","@id":"https:\/\/kerea.mx\/index.php\/nosotros\/","url":"https:\/\/kerea.mx\/index.php\/nosotros\/","name":"Nosotros - kerea.mx","isPartOf":{"@id":"https:\/\/kerea.mx\/#website"},"primaryImageOfPage":{"@id":"https:\/\/kerea.mx\/index.php\/nosotros\/#primaryimage"},"image":{"@id":"https:\/\/kerea.mx\/index.php\/nosotros\/#primaryimage"},"thumbnailUrl":"https:\/\/kerea.mx\/wp-content\/uploads\/2023\/09\/herreria.webp","datePublished":"2023-09-18T02:54:29+00:00","dateModified":"2023-10-05T04:57:40+00:00","description":"Departamento de herrer\u00eda. Nuestro equipo de expertos en metalurgia est\u00e1 dedicado a crear soluciones a la medida.","breadcrumb":{"@id":"https:\/\/kerea.mx\/index.php\/nosotros\/#breadcrumb"},"inLanguage":"es-MX","potentialAction":[{"@type":"ReadAction","target":["https:\/\/kerea.mx\/index.php\/nosotros\/"]}]},{"@type":"ImageObject","inLanguage":"es-MX","@id":"https:\/\/kerea.mx\/index.php\/nosotros\/#primaryimage","url":"https:\/\/kerea.mx\/wp-content\/uploads\/2023\/09\/herreria.webp","contentUrl":"https:\/\/kerea.mx\/wp-content\/uploads\/2023\/09\/herreria.webp","width":1728,"height":496,"caption":"departamento de herreria"},{"@type":"BreadcrumbList","@id":"https:\/\/kerea.mx\/index.php\/nosotros\/#breadcrumb","itemListElement":[{"@type":"ListItem","position":1,"name":"Inicio","item":"https:\/\/kerea.mx\/"},{"@type":"ListItem","position":2,"name":"Nosotros"}]},{"@type":"WebSite","@id":"https:\/\/kerea.mx\/#website","url":"https:\/\/kerea.mx\/","name":"kerea.mx","description":"Soluciones de ingenier\u00eda","publisher":{"@id":"https:\/\/kerea.mx\/#organization"},"alternateName":"Ingenier\u00eda el\u00e9ctrica y construcci\u00f3n","potentialAction":[{"@type":"SearchAction","target":{"@type":"EntryPoint","urlTemplate":"https:\/\/kerea.mx\/?s={search_term_string}"},"query-input":"required name=search_term_string"}],"inLanguage":"es-MX"},{"@type":"Organization","@id":"https:\/\/kerea.mx\/#organization","name":"Kerea Soluciones de ingenier\u00eda","alternateName":"Ingenier\u00eda el\u00e9ctrica y construcci\u00f3n","url":"https:\/\/kerea.mx\/","logo":{"@type":"ImageObject","inLanguage":"es-MX","@id":"https:\/\/kerea.mx\/#\/schema\/logo\/image\/","url":"https:\/\/kerea.mx\/wp-content\/uploads\/2023\/08\/KEREA_LOGO.png","contentUrl":"https:\/\/kerea.mx\/wp-content\/uploads\/2023\/08\/KEREA_LOGO.png","width":826,"height":434,"caption":"Kerea Soluciones de ingenier\u00eda"},"image":{"@id":"https:\/\/kerea.mx\/#\/schema\/logo\/image\/"}}]}},"_links":{"self":[{"href":"https:\/\/kerea.mx\/index.php\/wp-json\/wp\/v2\/pages\/677"}],"collection":[{"href":"https:\/\/kerea.mx\/index.php\/wp-json\/wp\/v2\/pages"}],"about":[{"href":"https:\/\/kerea.mx\/index.php\/wp-json\/wp\/v2\/types\/page"}],"author":[{"embeddable":true,"href":"https:\/\/kerea.mx\/index.php\/wp-json\/wp\/v2\/users\/1"}],"replies":[{"embeddable":true,"href":"https:\/\/kerea.mx\/index.php\/wp-json\/wp\/v2\/comments?post=677"}],"version-history":[{"count":44,"href":"https:\/\/kerea.mx\/index.php\/wp-json\/wp\/v2\/pages\/677\/revisions"}],"predecessor-version":[{"id":1196,"href":"https:\/\/kerea.mx\/index.php\/wp-json\/wp\/v2\/pages\/677\/revisions\/1196"}],"wp:featuredmedia":[{"embeddable":true,"href":"https:\/\/kerea.mx\/index.php\/wp-json\/wp\/v2\/media\/404"}],"wp:attachment":[{"href":"https:\/\/kerea.mx\/index.php\/wp-json\/wp\/v2\/media?parent=677"}],"curies":[{"name":"wp","href":"https:\/\/api.w.org\/{rel}","templated":true}]}}