{"id":654,"date":"2023-09-18T02:19:58","date_gmt":"2023-09-18T02:19:58","guid":{"rendered":"https:\/\/kerea.mx\/?page_id=654"},"modified":"2023-10-05T04:01:29","modified_gmt":"2023-10-05T04:01:29","slug":"aire-acondicionado","status":"publish","type":"page","link":"https:\/\/kerea.mx\/index.php\/aire-acondicionado\/","title":{"rendered":"Aire Acondicionado"},"content":{"rendered":"\t\t<div data-elementor-type=\"wp-page\" data-elementor-id=\"654\" class=\"elementor elementor-654\">\n\t\t\t\t\t\t<section class=\"elementor-section elementor-top-section elementor-element elementor-element-bcade8e elementor-section-height-min-height elementor-section-boxed elementor-section-height-default elementor-section-items-middle wpr-particle-no wpr-jarallax-no wpr-parallax-no wpr-sticky-section-no\" data-id=\"bcade8e\" data-element_type=\"section\" data-settings=\"{&quot;background_background&quot;:&quot;classic&quot;}\">\n\t\t\t\t\t\t<div class=\"elementor-container elementor-column-gap-default\">\n\t\t\t\t\t<div class=\"elementor-column elementor-col-100 elementor-top-column elementor-element elementor-element-e9fba67\" data-id=\"e9fba67\" data-element_type=\"column\">\n\t\t\t<div class=\"elementor-widget-wrap elementor-element-populated\">\n\t\t\t\t\t\t<div class=\"elementor-element elementor-element-b2a549c animated-fast elementor-invisible elementor-widget elementor-widget-text-editor\" data-id=\"b2a549c\" data-element_type=\"widget\" data-settings=\"{&quot;_animation&quot;:&quot;fadeInUp&quot;}\" data-widget_type=\"text-editor.default\">\n\t\t\t\t<div class=\"elementor-widget-container\">\n\t\t\t\t\t\t\t\t\t<p>Nuestros servicios<\/p>\t\t\t\t\t\t\t\t<\/div>\n\t\t\t\t<\/div>\n\t\t\t\t<div class=\"elementor-element elementor-element-a5747bf animated-fast elementor-invisible elementor-widget elementor-widget-heading\" data-id=\"a5747bf\" data-element_type=\"widget\" data-settings=\"{&quot;_animation&quot;:&quot;fadeInUp&quot;}\" data-widget_type=\"heading.default\">\n\t\t\t\t<div class=\"elementor-widget-container\">\n\t\t\t\t\t<h2 class=\"elementor-heading-title elementor-size-default\">Aire Acondicionado<\/h2>\t\t\t\t<\/div>\n\t\t\t\t<\/div>\n\t\t\t\t\t<\/div>\n\t\t<\/div>\n\t\t\t\t\t<\/div>\n\t\t<\/section>\n\t\t\t\t<section class=\"elementor-section elementor-top-section elementor-element elementor-element-bc5bf60 elementor-section-height-min-height elementor-section-boxed elementor-section-height-default elementor-section-items-middle wpr-particle-no wpr-jarallax-no wpr-parallax-no wpr-sticky-section-no\" data-id=\"bc5bf60\" data-element_type=\"section\" data-settings=\"{&quot;background_background&quot;:&quot;classic&quot;}\">\n\t\t\t\t\t\t<div class=\"elementor-container elementor-column-gap-default\">\n\t\t\t\t\t<div class=\"elementor-column elementor-col-100 elementor-top-column elementor-element elementor-element-3a6b7e5\" data-id=\"3a6b7e5\" data-element_type=\"column\">\n\t\t\t<div class=\"elementor-widget-wrap elementor-element-populated\">\n\t\t\t\t\t\t<div class=\"elementor-element elementor-element-c128f80 animated-fast elementor-invisible elementor-widget elementor-widget-heading\" data-id=\"c128f80\" data-element_type=\"widget\" data-settings=\"{&quot;_animation&quot;:&quot;fadeInUp&quot;}\" data-widget_type=\"heading.default\">\n\t\t\t\t<div class=\"elementor-widget-container\">\n\t\t\t\t\t<h2 class=\"elementor-heading-title elementor-size-default\">Nos enorgullece ofrecer una gama completa de servicios de aire acondicionado para satisfacer tus necesidades de climatizaci\u00f3n. Ya sea para tu hogar, tu empresa o tu industria, nuestros expertos en aire acondicionado est\u00e1n listos para brindarte soluciones eficientes y confiables.<\/h2>\t\t\t\t<\/div>\n\t\t\t\t<\/div>\n\t\t\t\t\t<\/div>\n\t\t<\/div>\n\t\t\t\t\t<\/div>\n\t\t<\/section>\n\t\t\t\t<section class=\"elementor-section elementor-top-section elementor-element elementor-element-63b9a71 elementor-section-boxed elementor-section-height-default elementor-section-height-default wpr-particle-no wpr-jarallax-no wpr-parallax-no wpr-sticky-section-no\" data-id=\"63b9a71\" data-element_type=\"section\">\n\t\t\t\t\t\t<div class=\"elementor-container elementor-column-gap-default\">\n\t\t\t\t\t<div class=\"elementor-column elementor-col-100 elementor-top-column elementor-element elementor-element-9f2dada\" data-id=\"9f2dada\" data-element_type=\"column\">\n\t\t\t<div class=\"elementor-widget-wrap elementor-element-populated\">\n\t\t\t\t\t\t<div class=\"elementor-element elementor-element-0f1731e animated-fast elementor-invisible elementor-widget elementor-widget-heading\" data-id=\"0f1731e\" data-element_type=\"widget\" data-settings=\"{&quot;_animation&quot;:&quot;fadeInUp&quot;}\" data-widget_type=\"heading.default\">\n\t\t\t\t<div class=\"elementor-widget-container\">\n\t\t\t\t\t<h2 class=\"elementor-heading-title elementor-size-default\">Detalles del servicio:<\/h2>\t\t\t\t<\/div>\n\t\t\t\t<\/div>\n\t\t\t\t\t<\/div>\n\t\t<\/div>\n\t\t\t\t\t<\/div>\n\t\t<\/section>\n\t\t\t\t<section class=\"elementor-section elementor-top-section elementor-element elementor-element-8cb2c38 elementor-section-boxed elementor-section-height-default elementor-section-height-default wpr-particle-no wpr-jarallax-no wpr-parallax-no wpr-sticky-section-no\" data-id=\"8cb2c38\" data-element_type=\"section\">\n\t\t\t\t\t\t<div class=\"elementor-container elementor-column-gap-no\">\n\t\t\t\t\t<div class=\"elementor-column elementor-col-50 elementor-top-column elementor-element elementor-element-9e0ab4a\" data-id=\"9e0ab4a\" data-element_type=\"column\">\n\t\t\t<div class=\"elementor-widget-wrap elementor-element-populated\">\n\t\t\t\t\t\t<div class=\"elementor-element elementor-element-172f3a0 elementor-view-stacked elementor-position-left animated-fast elementor-shape-circle elementor-mobile-position-top elementor-vertical-align-top elementor-invisible elementor-widget elementor-widget-icon-box\" data-id=\"172f3a0\" data-element_type=\"widget\" data-settings=\"{&quot;_animation&quot;:&quot;fadeInUp&quot;}\" data-widget_type=\"icon-box.default\">\n\t\t\t\t<div class=\"elementor-widget-container\">\n\t\t\t\t\t\t\t<div class=\"elementor-icon-box-wrapper\">\n\n\t\t\t\t\t\t<div class=\"elementor-icon-box-icon\">\n\t\t\t\t<span  class=\"elementor-icon\">\n\t\t\t\t<i aria-hidden=\"true\" class=\"far fa-snowflake\"><\/i>\t\t\t\t<\/span>\n\t\t\t<\/div>\n\t\t\t\n\t\t\t\t\t\t<div class=\"elementor-icon-box-content\">\n\n\t\t\t\t\t\t\t\t\t<h3 class=\"elementor-icon-box-title\">\n\t\t\t\t\t\t<span  >\n\t\t\t\t\t\t\tEl Servicio incluye:\t\t\t\t\t\t<\/span>\n\t\t\t\t\t<\/h3>\n\t\t\t\t\n\t\t\t\t\t\t\t\t\t<p class=\"elementor-icon-box-description\">\n\t\t\t\t\t\t- C\u00e1lculo y Dise\u00f1o <br>\n- Equipo e instalaci\u00f3n acorde a las necesidades del cliente <br>\n- Tecnolog\u00eda inverter o convencional\t\t\t\t\t<\/p>\n\t\t\t\t\n\t\t\t<\/div>\n\t\t\t\n\t\t<\/div>\n\t\t\t\t\t\t<\/div>\n\t\t\t\t<\/div>\n\t\t\t\t\t<\/div>\n\t\t<\/div>\n\t\t\t\t<div class=\"elementor-column elementor-col-50 elementor-top-column elementor-element elementor-element-4e6c298\" data-id=\"4e6c298\" data-element_type=\"column\">\n\t\t\t<div class=\"elementor-widget-wrap elementor-element-populated\">\n\t\t\t\t\t\t<div class=\"elementor-element elementor-element-5deb100 animated-fast elementor-invisible elementor-widget elementor-widget-image\" data-id=\"5deb100\" data-element_type=\"widget\" data-settings=\"{&quot;_animation&quot;:&quot;fadeInRight&quot;}\" data-widget_type=\"image.default\">\n\t\t\t\t<div class=\"elementor-widget-container\">\n\t\t\t\t\t\t\t\t\t\t\t\t\t\t\t<img fetchpriority=\"high\" decoding=\"async\" width=\"848\" height=\"507\" src=\"https:\/\/kerea.mx\/wp-content\/uploads\/2023\/09\/image-17-1-4.webp\" class=\"attachment-full size-full wp-image-906\" alt=\"\" srcset=\"https:\/\/kerea.mx\/wp-content\/uploads\/2023\/09\/image-17-1-4.webp 848w, https:\/\/kerea.mx\/wp-content\/uploads\/2023\/09\/image-17-1-4-300x179.webp 300w, https:\/\/kerea.mx\/wp-content\/uploads\/2023\/09\/image-17-1-4-768x459.webp 768w\" sizes=\"(max-width: 848px) 100vw, 848px\" \/>\t\t\t\t\t\t\t\t\t\t\t\t\t\t\t<\/div>\n\t\t\t\t<\/div>\n\t\t\t\t\t<\/div>\n\t\t<\/div>\n\t\t\t\t\t<\/div>\n\t\t<\/section>\n\t\t\t\t<section class=\"elementor-section elementor-top-section elementor-element elementor-element-be635f9 elementor-section-boxed elementor-section-height-default elementor-section-height-default wpr-particle-no wpr-jarallax-no wpr-parallax-no wpr-sticky-section-no\" data-id=\"be635f9\" data-element_type=\"section\">\n\t\t\t\t\t\t<div class=\"elementor-container elementor-column-gap-default\">\n\t\t\t\t\t<div class=\"elementor-column elementor-col-100 elementor-top-column elementor-element elementor-element-1ad852d\" data-id=\"1ad852d\" data-element_type=\"column\">\n\t\t\t<div class=\"elementor-widget-wrap elementor-element-populated\">\n\t\t\t\t\t\t<div class=\"elementor-element elementor-element-d9e556f elementor-widget elementor-widget-spacer\" data-id=\"d9e556f\" data-element_type=\"widget\" data-widget_type=\"spacer.default\">\n\t\t\t\t<div class=\"elementor-widget-container\">\n\t\t\t\t\t\t\t<div class=\"elementor-spacer\">\n\t\t\t<div class=\"elementor-spacer-inner\"><\/div>\n\t\t<\/div>\n\t\t\t\t\t\t<\/div>\n\t\t\t\t<\/div>\n\t\t\t\t<div class=\"elementor-element elementor-element-c1a9860 animated-fast elementor-invisible elementor-widget elementor-widget-heading\" data-id=\"c1a9860\" data-element_type=\"widget\" data-settings=\"{&quot;_animation&quot;:&quot;fadeInUp&quot;}\" data-widget_type=\"heading.default\">\n\t\t\t\t<div class=\"elementor-widget-container\">\n\t\t\t\t\t<h2 class=\"elementor-heading-title elementor-size-default\">Nuestro compromiso es garantizar la seguridad y la calidad en nuestros servicios, brind\u00e1ndote confianza y tranquilidad. \u00a1Cont\u00e1ctanos hoy mismo y deja que nos encarguemos de tu proyecto!<\/h2>\t\t\t\t<\/div>\n\t\t\t\t<\/div>\n\t\t\t\t<div class=\"elementor-element elementor-element-0d1bfc2 elementor-mobile-align-center animated-fast elementor-align-center elementor-invisible elementor-widget elementor-widget-button\" data-id=\"0d1bfc2\" data-element_type=\"widget\" data-settings=\"{&quot;_animation&quot;:&quot;fadeInUp&quot;}\" data-widget_type=\"button.default\">\n\t\t\t\t<div class=\"elementor-widget-container\">\n\t\t\t\t\t\t\t\t\t<div class=\"elementor-button-wrapper\">\n\t\t\t\t\t<a class=\"elementor-button elementor-button-link elementor-size-sm elementor-animation-rotate\" href=\"https:\/\/wa.link\/dygm9l\" target=\"_blank\">\n\t\t\t\t\t\t<span class=\"elementor-button-content-wrapper\">\n\t\t\t\t\t\t\t\t\t<span class=\"elementor-button-text\">\u00a1Cont\u00e1ctanos!<\/span>\n\t\t\t\t\t<\/span>\n\t\t\t\t\t<\/a>\n\t\t\t\t<\/div>\n\t\t\t\t\t\t\t\t<\/div>\n\t\t\t\t<\/div>\n\t\t\t\t\t<\/div>\n\t\t<\/div>\n\t\t\t\t\t<\/div>\n\t\t<\/section>\n\t\t\t\t<\/div>\n\t\t","protected":false},"excerpt":{"rendered":"<p>Nuestros servicios Aire Acondicionado Nos enorgullece ofrecer una gama completa de servicios de aire acondicionado para satisfacer tus necesidades de climatizaci\u00f3n. Ya sea para tu hogar, tu empresa o tu industria, nuestros expertos en aire acondicionado est\u00e1n listos para brindarte soluciones eficientes y confiables. Detalles del servicio: El Servicio incluye: &#8211; C\u00e1lculo y Dise\u00f1o &#8211; Equipo e instalaci\u00f3n acorde a las necesidades del cliente &#8211; Tecnolog\u00eda inverter o convencional Nuestro compromiso es garantizar la seguridad y la calidad en nuestros servicios, brind\u00e1ndote confianza y tranquilidad. \u00a1Cont\u00e1ctanos hoy mismo y deja que nos encarguemos de tu proyecto! \u00a1Cont\u00e1ctanos!<\/p>\n","protected":false},"author":1,"featured_media":404,"parent":0,"menu_order":0,"comment_status":"closed","ping_status":"closed","template":"","meta":{"_monsterinsights_skip_tracking":false,"_monsterinsights_sitenote_active":false,"_monsterinsights_sitenote_note":"","_monsterinsights_sitenote_category":0,"site-sidebar-layout":"no-sidebar","site-content-layout":"","ast-site-content-layout":"full-width-container","site-content-style":"default","site-sidebar-style":"default","ast-global-header-display":"","ast-banner-title-visibility":"","ast-main-header-display":"","ast-hfb-above-header-display":"","ast-hfb-below-header-display":"","ast-hfb-mobile-header-display":"","site-post-title":"disabled","ast-breadcrumbs-content":"","ast-featured-img":"disabled","footer-sml-layout":"","theme-transparent-header-meta":"","adv-header-id-meta":"","stick-header-meta":"","header-above-stick-meta":"","header-main-stick-meta":"","header-below-stick-meta":"","astra-migrate-meta-layouts":"","ast-page-background-enabled":"default","ast-page-background-meta":{"desktop":{"background-color":"var(--ast-global-color-4)","background-image":"","background-repeat":"repeat","background-position":"center center","background-size":"auto","background-attachment":"scroll","background-type":"","background-media":"","overlay-type":"","overlay-color":"","overlay-gradient":""},"tablet":{"background-color":"","background-image":"","background-repeat":"repeat","background-position":"center center","background-size":"auto","background-attachment":"scroll","background-type":"","background-media":"","overlay-type":"","overlay-color":"","overlay-gradient":""},"mobile":{"background-color":"","background-image":"","background-repeat":"repeat","background-position":"center center","background-size":"auto","background-attachment":"scroll","background-type":"","background-media":"","overlay-type":"","overlay-color":"","overlay-gradient":""}},"ast-content-background-meta":{"desktop":{"background-color":"var(--ast-global-color-5)","background-image":"","background-repeat":"repeat","background-position":"center center","background-size":"auto","background-attachment":"scroll","background-type":"","background-media":"","overlay-type":"","overlay-color":"","overlay-gradient":""},"tablet":{"background-color":"var(--ast-global-color-5)","background-image":"","background-repeat":"repeat","background-position":"center center","background-size":"auto","background-attachment":"scroll","background-type":"","background-media":"","overlay-type":"","overlay-color":"","overlay-gradient":""},"mobile":{"background-color":"var(--ast-global-color-5)","background-image":"","background-repeat":"repeat","background-position":"center center","background-size":"auto","background-attachment":"scroll","background-type":"","background-media":"","overlay-type":"","overlay-color":"","overlay-gradient":""}},"footnotes":""},"yoast_head":"<!-- This site is optimized with the Yoast SEO plugin v22.6 - https:\/\/yoast.com\/wordpress\/plugins\/seo\/ -->\n<title>Aire Acondicionado - kerea.mx<\/title>\n<meta name=\"description\" content=\"Departamento de herrer\u00eda. Nuestro equipo de expertos en metalurgia est\u00e1 dedicado a crear soluciones a la medida.\" \/>\n<meta name=\"robots\" content=\"index, follow, max-snippet:-1, max-image-preview:large, max-video-preview:-1\" \/>\n<link rel=\"canonical\" href=\"https:\/\/kerea.mx\/index.php\/aire-acondicionado\/\" \/>\n<meta property=\"og:locale\" content=\"es_MX\" \/>\n<meta property=\"og:type\" content=\"article\" \/>\n<meta property=\"og:title\" content=\"Aire Acondicionado - kerea.mx\" \/>\n<meta property=\"og:description\" content=\"Departamento de herrer\u00eda. Nuestro equipo de expertos en metalurgia est\u00e1 dedicado a crear soluciones a la medida.\" \/>\n<meta property=\"og:url\" content=\"https:\/\/kerea.mx\/index.php\/aire-acondicionado\/\" \/>\n<meta property=\"og:site_name\" content=\"kerea.mx\" \/>\n<meta property=\"article:modified_time\" content=\"2023-10-05T04:01:29+00:00\" \/>\n<meta property=\"og:image\" content=\"http:\/\/kerea.mx\/wp-content\/uploads\/2023\/09\/herreria.webp\" \/>\n\t<meta property=\"og:image:width\" content=\"1728\" \/>\n\t<meta property=\"og:image:height\" content=\"496\" \/>\n\t<meta property=\"og:image:type\" content=\"image\/webp\" \/>\n<meta name=\"twitter:card\" content=\"summary_large_image\" \/>\n<meta name=\"twitter:label1\" content=\"Tiempo de lectura\" \/>\n\t<meta name=\"twitter:data1\" content=\"1 minuto\" \/>\n<script type=\"application\/ld+json\" class=\"yoast-schema-graph\">{\"@context\":\"https:\/\/schema.org\",\"@graph\":[{\"@type\":\"WebPage\",\"@id\":\"https:\/\/kerea.mx\/index.php\/aire-acondicionado\/\",\"url\":\"https:\/\/kerea.mx\/index.php\/aire-acondicionado\/\",\"name\":\"Aire Acondicionado - kerea.mx\",\"isPartOf\":{\"@id\":\"https:\/\/kerea.mx\/#website\"},\"primaryImageOfPage\":{\"@id\":\"https:\/\/kerea.mx\/index.php\/aire-acondicionado\/#primaryimage\"},\"image\":{\"@id\":\"https:\/\/kerea.mx\/index.php\/aire-acondicionado\/#primaryimage\"},\"thumbnailUrl\":\"https:\/\/kerea.mx\/wp-content\/uploads\/2023\/09\/herreria.webp\",\"datePublished\":\"2023-09-18T02:19:58+00:00\",\"dateModified\":\"2023-10-05T04:01:29+00:00\",\"description\":\"Departamento de herrer\u00eda. Nuestro equipo de expertos en metalurgia est\u00e1 dedicado a crear soluciones a la medida.\",\"breadcrumb\":{\"@id\":\"https:\/\/kerea.mx\/index.php\/aire-acondicionado\/#breadcrumb\"},\"inLanguage\":\"es-MX\",\"potentialAction\":[{\"@type\":\"ReadAction\",\"target\":[\"https:\/\/kerea.mx\/index.php\/aire-acondicionado\/\"]}]},{\"@type\":\"ImageObject\",\"inLanguage\":\"es-MX\",\"@id\":\"https:\/\/kerea.mx\/index.php\/aire-acondicionado\/#primaryimage\",\"url\":\"https:\/\/kerea.mx\/wp-content\/uploads\/2023\/09\/herreria.webp\",\"contentUrl\":\"https:\/\/kerea.mx\/wp-content\/uploads\/2023\/09\/herreria.webp\",\"width\":1728,\"height\":496,\"caption\":\"departamento de herreria\"},{\"@type\":\"BreadcrumbList\",\"@id\":\"https:\/\/kerea.mx\/index.php\/aire-acondicionado\/#breadcrumb\",\"itemListElement\":[{\"@type\":\"ListItem\",\"position\":1,\"name\":\"Inicio\",\"item\":\"https:\/\/kerea.mx\/\"},{\"@type\":\"ListItem\",\"position\":2,\"name\":\"Aire Acondicionado\"}]},{\"@type\":\"WebSite\",\"@id\":\"https:\/\/kerea.mx\/#website\",\"url\":\"https:\/\/kerea.mx\/\",\"name\":\"kerea.mx\",\"description\":\"Soluciones de ingenier\u00eda\",\"publisher\":{\"@id\":\"https:\/\/kerea.mx\/#organization\"},\"alternateName\":\"Ingenier\u00eda el\u00e9ctrica y construcci\u00f3n\",\"potentialAction\":[{\"@type\":\"SearchAction\",\"target\":{\"@type\":\"EntryPoint\",\"urlTemplate\":\"https:\/\/kerea.mx\/?s={search_term_string}\"},\"query-input\":\"required name=search_term_string\"}],\"inLanguage\":\"es-MX\"},{\"@type\":\"Organization\",\"@id\":\"https:\/\/kerea.mx\/#organization\",\"name\":\"Kerea Soluciones de ingenier\u00eda\",\"alternateName\":\"Ingenier\u00eda el\u00e9ctrica y construcci\u00f3n\",\"url\":\"https:\/\/kerea.mx\/\",\"logo\":{\"@type\":\"ImageObject\",\"inLanguage\":\"es-MX\",\"@id\":\"https:\/\/kerea.mx\/#\/schema\/logo\/image\/\",\"url\":\"https:\/\/kerea.mx\/wp-content\/uploads\/2023\/08\/KEREA_LOGO.png\",\"contentUrl\":\"https:\/\/kerea.mx\/wp-content\/uploads\/2023\/08\/KEREA_LOGO.png\",\"width\":826,\"height\":434,\"caption\":\"Kerea Soluciones de ingenier\u00eda\"},\"image\":{\"@id\":\"https:\/\/kerea.mx\/#\/schema\/logo\/image\/\"}}]}<\/script>\n<!-- \/ Yoast SEO plugin. -->","yoast_head_json":{"title":"Aire Acondicionado - kerea.mx","description":"Departamento de herrer\u00eda. Nuestro equipo de expertos en metalurgia est\u00e1 dedicado a crear soluciones a la medida.","robots":{"index":"index","follow":"follow","max-snippet":"max-snippet:-1","max-image-preview":"max-image-preview:large","max-video-preview":"max-video-preview:-1"},"canonical":"https:\/\/kerea.mx\/index.php\/aire-acondicionado\/","og_locale":"es_MX","og_type":"article","og_title":"Aire Acondicionado - kerea.mx","og_description":"Departamento de herrer\u00eda. Nuestro equipo de expertos en metalurgia est\u00e1 dedicado a crear soluciones a la medida.","og_url":"https:\/\/kerea.mx\/index.php\/aire-acondicionado\/","og_site_name":"kerea.mx","article_modified_time":"2023-10-05T04:01:29+00:00","og_image":[{"width":1728,"height":496,"url":"http:\/\/kerea.mx\/wp-content\/uploads\/2023\/09\/herreria.webp","type":"image\/webp"}],"twitter_card":"summary_large_image","twitter_misc":{"Tiempo de lectura":"1 minuto"},"schema":{"@context":"https:\/\/schema.org","@graph":[{"@type":"WebPage","@id":"https:\/\/kerea.mx\/index.php\/aire-acondicionado\/","url":"https:\/\/kerea.mx\/index.php\/aire-acondicionado\/","name":"Aire Acondicionado - kerea.mx","isPartOf":{"@id":"https:\/\/kerea.mx\/#website"},"primaryImageOfPage":{"@id":"https:\/\/kerea.mx\/index.php\/aire-acondicionado\/#primaryimage"},"image":{"@id":"https:\/\/kerea.mx\/index.php\/aire-acondicionado\/#primaryimage"},"thumbnailUrl":"https:\/\/kerea.mx\/wp-content\/uploads\/2023\/09\/herreria.webp","datePublished":"2023-09-18T02:19:58+00:00","dateModified":"2023-10-05T04:01:29+00:00","description":"Departamento de herrer\u00eda. Nuestro equipo de expertos en metalurgia est\u00e1 dedicado a crear soluciones a la medida.","breadcrumb":{"@id":"https:\/\/kerea.mx\/index.php\/aire-acondicionado\/#breadcrumb"},"inLanguage":"es-MX","potentialAction":[{"@type":"ReadAction","target":["https:\/\/kerea.mx\/index.php\/aire-acondicionado\/"]}]},{"@type":"ImageObject","inLanguage":"es-MX","@id":"https:\/\/kerea.mx\/index.php\/aire-acondicionado\/#primaryimage","url":"https:\/\/kerea.mx\/wp-content\/uploads\/2023\/09\/herreria.webp","contentUrl":"https:\/\/kerea.mx\/wp-content\/uploads\/2023\/09\/herreria.webp","width":1728,"height":496,"caption":"departamento de herreria"},{"@type":"BreadcrumbList","@id":"https:\/\/kerea.mx\/index.php\/aire-acondicionado\/#breadcrumb","itemListElement":[{"@type":"ListItem","position":1,"name":"Inicio","item":"https:\/\/kerea.mx\/"},{"@type":"ListItem","position":2,"name":"Aire Acondicionado"}]},{"@type":"WebSite","@id":"https:\/\/kerea.mx\/#website","url":"https:\/\/kerea.mx\/","name":"kerea.mx","description":"Soluciones de ingenier\u00eda","publisher":{"@id":"https:\/\/kerea.mx\/#organization"},"alternateName":"Ingenier\u00eda el\u00e9ctrica y construcci\u00f3n","potentialAction":[{"@type":"SearchAction","target":{"@type":"EntryPoint","urlTemplate":"https:\/\/kerea.mx\/?s={search_term_string}"},"query-input":"required name=search_term_string"}],"inLanguage":"es-MX"},{"@type":"Organization","@id":"https:\/\/kerea.mx\/#organization","name":"Kerea Soluciones de ingenier\u00eda","alternateName":"Ingenier\u00eda el\u00e9ctrica y construcci\u00f3n","url":"https:\/\/kerea.mx\/","logo":{"@type":"ImageObject","inLanguage":"es-MX","@id":"https:\/\/kerea.mx\/#\/schema\/logo\/image\/","url":"https:\/\/kerea.mx\/wp-content\/uploads\/2023\/08\/KEREA_LOGO.png","contentUrl":"https:\/\/kerea.mx\/wp-content\/uploads\/2023\/08\/KEREA_LOGO.png","width":826,"height":434,"caption":"Kerea Soluciones de ingenier\u00eda"},"image":{"@id":"https:\/\/kerea.mx\/#\/schema\/logo\/image\/"}}]}},"_links":{"self":[{"href":"https:\/\/kerea.mx\/index.php\/wp-json\/wp\/v2\/pages\/654"}],"collection":[{"href":"https:\/\/kerea.mx\/index.php\/wp-json\/wp\/v2\/pages"}],"about":[{"href":"https:\/\/kerea.mx\/index.php\/wp-json\/wp\/v2\/types\/page"}],"author":[{"embeddable":true,"href":"https:\/\/kerea.mx\/index.php\/wp-json\/wp\/v2\/users\/1"}],"replies":[{"embeddable":true,"href":"https:\/\/kerea.mx\/index.php\/wp-json\/wp\/v2\/comments?post=654"}],"version-history":[{"count":20,"href":"https:\/\/kerea.mx\/index.php\/wp-json\/wp\/v2\/pages\/654\/revisions"}],"predecessor-version":[{"id":1140,"href":"https:\/\/kerea.mx\/index.php\/wp-json\/wp\/v2\/pages\/654\/revisions\/1140"}],"wp:featuredmedia":[{"embeddable":true,"href":"https:\/\/kerea.mx\/index.php\/wp-json\/wp\/v2\/media\/404"}],"wp:attachment":[{"href":"https:\/\/kerea.mx\/index.php\/wp-json\/wp\/v2\/media?parent=654"}],"curies":[{"name":"wp","href":"https:\/\/api.w.org\/{rel}","templated":true}]}}