{"id":284,"date":"2023-09-03T20:01:30","date_gmt":"2023-09-03T20:01:30","guid":{"rendered":"https:\/\/kerea.mx\/?page_id=284"},"modified":"2023-10-05T05:06:53","modified_gmt":"2023-10-05T05:06:53","slug":"blog","status":"publish","type":"page","link":"https:\/\/kerea.mx\/index.php\/blog\/","title":{"rendered":"Blog"},"content":{"rendered":"\t\t<div data-elementor-type=\"wp-page\" data-elementor-id=\"284\" class=\"elementor elementor-284\">\n\t\t\t\t\t\t<section class=\"elementor-section elementor-top-section elementor-element elementor-element-b4cfad8 elementor-section-height-min-height elementor-section-boxed elementor-section-height-default elementor-section-items-middle wpr-particle-no wpr-jarallax-no wpr-parallax-no wpr-sticky-section-no\" data-id=\"b4cfad8\" data-element_type=\"section\" data-settings=\"{&quot;background_background&quot;:&quot;classic&quot;}\">\n\t\t\t\t\t\t<div class=\"elementor-container elementor-column-gap-default\">\n\t\t\t\t\t<div class=\"elementor-column elementor-col-100 elementor-top-column elementor-element elementor-element-65d09d4\" data-id=\"65d09d4\" data-element_type=\"column\">\n\t\t\t<div class=\"elementor-widget-wrap elementor-element-populated\">\n\t\t\t\t\t\t<div class=\"elementor-element elementor-element-5420898 animated-fast elementor-invisible elementor-widget elementor-widget-heading\" data-id=\"5420898\" data-element_type=\"widget\" data-settings=\"{&quot;_animation&quot;:&quot;fadeInUp&quot;}\" data-widget_type=\"heading.default\">\n\t\t\t\t<div class=\"elementor-widget-container\">\n\t\t\t\t\t<h2 class=\"elementor-heading-title elementor-size-default\">Explora nuestro blog<\/h2>\t\t\t\t<\/div>\n\t\t\t\t<\/div>\n\t\t\t\t<div class=\"elementor-element elementor-element-f45d8c5 animated-fast elementor-invisible elementor-widget elementor-widget-text-editor\" data-id=\"f45d8c5\" data-element_type=\"widget\" data-settings=\"{&quot;_animation&quot;:&quot;fadeInUp&quot;}\" data-widget_type=\"text-editor.default\">\n\t\t\t\t<div class=\"elementor-widget-container\">\n\t\t\t\t\t\t\t\t\t<p>Sum\u00e9rgete en temas candentes, desde las \u00faltimas tecnolog\u00edas en energ\u00eda renovable hasta consejos pr\u00e1cticos para el mantenimiento de instalaciones el\u00e9ctricas.<\/p>\t\t\t\t\t\t\t\t<\/div>\n\t\t\t\t<\/div>\n\t\t\t\t\t<\/div>\n\t\t<\/div>\n\t\t\t\t\t<\/div>\n\t\t<\/section>\n\t\t\t\t<section class=\"elementor-section elementor-top-section elementor-element elementor-element-e3d3b85 elementor-section-boxed elementor-section-height-default elementor-section-height-default wpr-particle-no wpr-jarallax-no wpr-parallax-no wpr-sticky-section-no\" data-id=\"e3d3b85\" data-element_type=\"section\">\n\t\t\t\t\t\t<div class=\"elementor-container elementor-column-gap-default\">\n\t\t\t\t\t<div class=\"elementor-column elementor-col-100 elementor-top-column elementor-element elementor-element-f8029a7\" data-id=\"f8029a7\" data-element_type=\"column\">\n\t\t\t<div class=\"elementor-widget-wrap elementor-element-populated\">\n\t\t\t\t\t\t<div class=\"elementor-element elementor-element-6d1744d elementor-widget elementor-widget-spacer\" data-id=\"6d1744d\" data-element_type=\"widget\" data-widget_type=\"spacer.default\">\n\t\t\t\t<div class=\"elementor-widget-container\">\n\t\t\t\t\t\t\t<div class=\"elementor-spacer\">\n\t\t\t<div class=\"elementor-spacer-inner\"><\/div>\n\t\t<\/div>\n\t\t\t\t\t\t<\/div>\n\t\t\t\t<\/div>\n\t\t\t\t<div class=\"elementor-element elementor-element-aac44c0 animated-fast elementor-invisible elementor-widget elementor-widget-text-editor\" data-id=\"aac44c0\" data-element_type=\"widget\" data-settings=\"{&quot;_animation&quot;:&quot;fadeInUp&quot;}\" data-widget_type=\"text-editor.default\">\n\t\t\t\t<div class=\"elementor-widget-container\">\n\t\t\t\t\t\t\t\t\t<p>Estamos comprometidos en proporcionarte contenido valioso y relevante. \u00a1No dudes en explorar nuestro blog y unirte a la conversaci\u00f3n sobre el futuro de la ingenier\u00eda el\u00e9ctrica y la construcci\u00f3n sostenible!<\/p>\t\t\t\t\t\t\t\t<\/div>\n\t\t\t\t<\/div>\n\t\t\t\t<div class=\"elementor-element elementor-element-63ca77c elementor-widget elementor-widget-elementskit-blog-posts\" data-id=\"63ca77c\" data-element_type=\"widget\" data-widget_type=\"elementskit-blog-posts.default\">\n\t\t\t\t<div class=\"elementor-widget-container\">\n\t\t\t\t\t<div class=\"ekit-wid-con\" >        <div id=\"post-items--63ca77c\" class=\"row post-items\">\n                <\/div>\n       <\/div>\t\t\t\t<\/div>\n\t\t\t\t<\/div>\n\t\t\t\t\t<\/div>\n\t\t<\/div>\n\t\t\t\t\t<\/div>\n\t\t<\/section>\n\t\t\t\t<\/div>\n\t\t","protected":false},"excerpt":{"rendered":"<p>Explora nuestro blog Sum\u00e9rgete en temas candentes, desde las \u00faltimas tecnolog\u00edas en energ\u00eda renovable hasta consejos pr\u00e1cticos para el mantenimiento de instalaciones el\u00e9ctricas. Estamos comprometidos en proporcionarte contenido valioso y relevante. \u00a1No dudes en explorar nuestro blog y unirte a la conversaci\u00f3n sobre el futuro de la ingenier\u00eda el\u00e9ctrica y la construcci\u00f3n sostenible! 03Sep Uvie 0 Quis autem vel eum iure reprehenderit Excepteur sint occaecat cupidatat non proident, sunt in culpa qui officia deserunt mollit anim id&hellip; Ver Publicaci\u00f3n 03Sep Uvie 0 Lorem ipsum dolor sit amet Consectetur adipiscing elit, sed do eiusmod tempor incididunt ut labore et dolore magna aliqua. Ver Publicaci\u00f3n<\/p>\n","protected":false},"author":1,"featured_media":37,"parent":0,"menu_order":0,"comment_status":"closed","ping_status":"closed","template":"","meta":{"_monsterinsights_skip_tracking":false,"_monsterinsights_sitenote_active":false,"_monsterinsights_sitenote_note":"","_monsterinsights_sitenote_category":0,"site-sidebar-layout":"no-sidebar","site-content-layout":"","ast-site-content-layout":"full-width-container","site-content-style":"default","site-sidebar-style":"default","ast-global-header-display":"","ast-banner-title-visibility":"","ast-main-header-display":"","ast-hfb-above-header-display":"","ast-hfb-below-header-display":"","ast-hfb-mobile-header-display":"","site-post-title":"disabled","ast-breadcrumbs-content":"","ast-featured-img":"disabled","footer-sml-layout":"","theme-transparent-header-meta":"","adv-header-id-meta":"","stick-header-meta":"","header-above-stick-meta":"","header-main-stick-meta":"","header-below-stick-meta":"","astra-migrate-meta-layouts":"","ast-page-background-enabled":"default","ast-page-background-meta":{"desktop":{"background-color":"var(--ast-global-color-4)","background-image":"","background-repeat":"repeat","background-position":"center center","background-size":"auto","background-attachment":"scroll","background-type":"","background-media":"","overlay-type":"","overlay-color":"","overlay-gradient":""},"tablet":{"background-color":"","background-image":"","background-repeat":"repeat","background-position":"center center","background-size":"auto","background-attachment":"scroll","background-type":"","background-media":"","overlay-type":"","overlay-color":"","overlay-gradient":""},"mobile":{"background-color":"","background-image":"","background-repeat":"repeat","background-position":"center center","background-size":"auto","background-attachment":"scroll","background-type":"","background-media":"","overlay-type":"","overlay-color":"","overlay-gradient":""}},"ast-content-background-meta":{"desktop":{"background-color":"var(--ast-global-color-5)","background-image":"","background-repeat":"repeat","background-position":"center center","background-size":"auto","background-attachment":"scroll","background-type":"","background-media":"","overlay-type":"","overlay-color":"","overlay-gradient":""},"tablet":{"background-color":"var(--ast-global-color-5)","background-image":"","background-repeat":"repeat","background-position":"center center","background-size":"auto","background-attachment":"scroll","background-type":"","background-media":"","overlay-type":"","overlay-color":"","overlay-gradient":""},"mobile":{"background-color":"var(--ast-global-color-5)","background-image":"","background-repeat":"repeat","background-position":"center center","background-size":"auto","background-attachment":"scroll","background-type":"","background-media":"","overlay-type":"","overlay-color":"","overlay-gradient":""}},"footnotes":""},"yoast_head":"<!-- This site is optimized with the Yoast SEO plugin v22.6 - https:\/\/yoast.com\/wordpress\/plugins\/seo\/ -->\n<title>Blog - kerea.mx<\/title>\n<meta name=\"description\" content=\"Expertos en ingenier\u00eda el\u00e9ctrica y construcci\u00f3n. Desde cerrajer\u00eda hasta energ\u00eda renovable. \u00a1Transformamos tus ideas en realidad!\" \/>\n<meta name=\"robots\" content=\"index, follow, max-snippet:-1, max-image-preview:large, max-video-preview:-1\" \/>\n<link rel=\"canonical\" href=\"https:\/\/kerea.mx\/index.php\/blog\/\" \/>\n<meta property=\"og:locale\" content=\"es_MX\" \/>\n<meta property=\"og:type\" content=\"article\" \/>\n<meta property=\"og:title\" content=\"Blog - kerea.mx\" \/>\n<meta property=\"og:description\" content=\"Expertos en ingenier\u00eda el\u00e9ctrica y construcci\u00f3n. Desde cerrajer\u00eda hasta energ\u00eda renovable. \u00a1Transformamos tus ideas en realidad!\" \/>\n<meta property=\"og:url\" content=\"https:\/\/kerea.mx\/index.php\/blog\/\" \/>\n<meta property=\"og:site_name\" content=\"kerea.mx\" \/>\n<meta property=\"article:modified_time\" content=\"2023-10-05T05:06:53+00:00\" \/>\n<meta property=\"og:image\" content=\"http:\/\/kerea.mx\/wp-content\/uploads\/2023\/08\/ALT_IMG_KEREA.webp\" \/>\n\t<meta property=\"og:image:width\" content=\"1541\" \/>\n\t<meta property=\"og:image:height\" content=\"900\" \/>\n\t<meta property=\"og:image:type\" content=\"image\/webp\" \/>\n<meta name=\"twitter:card\" content=\"summary_large_image\" \/>\n<meta name=\"twitter:label1\" content=\"Tiempo de lectura\" \/>\n\t<meta name=\"twitter:data1\" content=\"1 minuto\" \/>\n<script type=\"application\/ld+json\" class=\"yoast-schema-graph\">{\"@context\":\"https:\/\/schema.org\",\"@graph\":[{\"@type\":\"WebPage\",\"@id\":\"https:\/\/kerea.mx\/index.php\/blog\/\",\"url\":\"https:\/\/kerea.mx\/index.php\/blog\/\",\"name\":\"Blog - kerea.mx\",\"isPartOf\":{\"@id\":\"https:\/\/kerea.mx\/#website\"},\"primaryImageOfPage\":{\"@id\":\"https:\/\/kerea.mx\/index.php\/blog\/#primaryimage\"},\"image\":{\"@id\":\"https:\/\/kerea.mx\/index.php\/blog\/#primaryimage\"},\"thumbnailUrl\":\"https:\/\/kerea.mx\/wp-content\/uploads\/2023\/08\/ALT_IMG_KEREA.webp\",\"datePublished\":\"2023-09-03T20:01:30+00:00\",\"dateModified\":\"2023-10-05T05:06:53+00:00\",\"description\":\"Expertos en ingenier\u00eda el\u00e9ctrica y construcci\u00f3n. Desde cerrajer\u00eda hasta energ\u00eda renovable. \u00a1Transformamos tus ideas en realidad!\",\"breadcrumb\":{\"@id\":\"https:\/\/kerea.mx\/index.php\/blog\/#breadcrumb\"},\"inLanguage\":\"es-MX\",\"potentialAction\":[{\"@type\":\"ReadAction\",\"target\":[\"https:\/\/kerea.mx\/index.php\/blog\/\"]}]},{\"@type\":\"ImageObject\",\"inLanguage\":\"es-MX\",\"@id\":\"https:\/\/kerea.mx\/index.php\/blog\/#primaryimage\",\"url\":\"https:\/\/kerea.mx\/wp-content\/uploads\/2023\/08\/ALT_IMG_KEREA.webp\",\"contentUrl\":\"https:\/\/kerea.mx\/wp-content\/uploads\/2023\/08\/ALT_IMG_KEREA.webp\",\"width\":1541,\"height\":900,\"caption\":\"Ingenier\u00eda el\u00e9ctrica y construcci\u00f3n\"},{\"@type\":\"BreadcrumbList\",\"@id\":\"https:\/\/kerea.mx\/index.php\/blog\/#breadcrumb\",\"itemListElement\":[{\"@type\":\"ListItem\",\"position\":1,\"name\":\"Inicio\",\"item\":\"https:\/\/kerea.mx\/\"},{\"@type\":\"ListItem\",\"position\":2,\"name\":\"Blog\"}]},{\"@type\":\"WebSite\",\"@id\":\"https:\/\/kerea.mx\/#website\",\"url\":\"https:\/\/kerea.mx\/\",\"name\":\"kerea.mx\",\"description\":\"Soluciones de ingenier\u00eda\",\"publisher\":{\"@id\":\"https:\/\/kerea.mx\/#organization\"},\"alternateName\":\"Ingenier\u00eda el\u00e9ctrica y construcci\u00f3n\",\"potentialAction\":[{\"@type\":\"SearchAction\",\"target\":{\"@type\":\"EntryPoint\",\"urlTemplate\":\"https:\/\/kerea.mx\/?s={search_term_string}\"},\"query-input\":\"required name=search_term_string\"}],\"inLanguage\":\"es-MX\"},{\"@type\":\"Organization\",\"@id\":\"https:\/\/kerea.mx\/#organization\",\"name\":\"Kerea Soluciones de ingenier\u00eda\",\"alternateName\":\"Ingenier\u00eda el\u00e9ctrica y construcci\u00f3n\",\"url\":\"https:\/\/kerea.mx\/\",\"logo\":{\"@type\":\"ImageObject\",\"inLanguage\":\"es-MX\",\"@id\":\"https:\/\/kerea.mx\/#\/schema\/logo\/image\/\",\"url\":\"https:\/\/kerea.mx\/wp-content\/uploads\/2023\/08\/KEREA_LOGO.png\",\"contentUrl\":\"https:\/\/kerea.mx\/wp-content\/uploads\/2023\/08\/KEREA_LOGO.png\",\"width\":826,\"height\":434,\"caption\":\"Kerea Soluciones de ingenier\u00eda\"},\"image\":{\"@id\":\"https:\/\/kerea.mx\/#\/schema\/logo\/image\/\"}}]}<\/script>\n<!-- \/ Yoast SEO plugin. -->","yoast_head_json":{"title":"Blog - kerea.mx","description":"Expertos en ingenier\u00eda el\u00e9ctrica y construcci\u00f3n. Desde cerrajer\u00eda hasta energ\u00eda renovable. \u00a1Transformamos tus ideas en realidad!","robots":{"index":"index","follow":"follow","max-snippet":"max-snippet:-1","max-image-preview":"max-image-preview:large","max-video-preview":"max-video-preview:-1"},"canonical":"https:\/\/kerea.mx\/index.php\/blog\/","og_locale":"es_MX","og_type":"article","og_title":"Blog - kerea.mx","og_description":"Expertos en ingenier\u00eda el\u00e9ctrica y construcci\u00f3n. Desde cerrajer\u00eda hasta energ\u00eda renovable. \u00a1Transformamos tus ideas en realidad!","og_url":"https:\/\/kerea.mx\/index.php\/blog\/","og_site_name":"kerea.mx","article_modified_time":"2023-10-05T05:06:53+00:00","og_image":[{"width":1541,"height":900,"url":"http:\/\/kerea.mx\/wp-content\/uploads\/2023\/08\/ALT_IMG_KEREA.webp","type":"image\/webp"}],"twitter_card":"summary_large_image","twitter_misc":{"Tiempo de lectura":"1 minuto"},"schema":{"@context":"https:\/\/schema.org","@graph":[{"@type":"WebPage","@id":"https:\/\/kerea.mx\/index.php\/blog\/","url":"https:\/\/kerea.mx\/index.php\/blog\/","name":"Blog - kerea.mx","isPartOf":{"@id":"https:\/\/kerea.mx\/#website"},"primaryImageOfPage":{"@id":"https:\/\/kerea.mx\/index.php\/blog\/#primaryimage"},"image":{"@id":"https:\/\/kerea.mx\/index.php\/blog\/#primaryimage"},"thumbnailUrl":"https:\/\/kerea.mx\/wp-content\/uploads\/2023\/08\/ALT_IMG_KEREA.webp","datePublished":"2023-09-03T20:01:30+00:00","dateModified":"2023-10-05T05:06:53+00:00","description":"Expertos en ingenier\u00eda el\u00e9ctrica y construcci\u00f3n. Desde cerrajer\u00eda hasta energ\u00eda renovable. \u00a1Transformamos tus ideas en realidad!","breadcrumb":{"@id":"https:\/\/kerea.mx\/index.php\/blog\/#breadcrumb"},"inLanguage":"es-MX","potentialAction":[{"@type":"ReadAction","target":["https:\/\/kerea.mx\/index.php\/blog\/"]}]},{"@type":"ImageObject","inLanguage":"es-MX","@id":"https:\/\/kerea.mx\/index.php\/blog\/#primaryimage","url":"https:\/\/kerea.mx\/wp-content\/uploads\/2023\/08\/ALT_IMG_KEREA.webp","contentUrl":"https:\/\/kerea.mx\/wp-content\/uploads\/2023\/08\/ALT_IMG_KEREA.webp","width":1541,"height":900,"caption":"Ingenier\u00eda el\u00e9ctrica y construcci\u00f3n"},{"@type":"BreadcrumbList","@id":"https:\/\/kerea.mx\/index.php\/blog\/#breadcrumb","itemListElement":[{"@type":"ListItem","position":1,"name":"Inicio","item":"https:\/\/kerea.mx\/"},{"@type":"ListItem","position":2,"name":"Blog"}]},{"@type":"WebSite","@id":"https:\/\/kerea.mx\/#website","url":"https:\/\/kerea.mx\/","name":"kerea.mx","description":"Soluciones de ingenier\u00eda","publisher":{"@id":"https:\/\/kerea.mx\/#organization"},"alternateName":"Ingenier\u00eda el\u00e9ctrica y construcci\u00f3n","potentialAction":[{"@type":"SearchAction","target":{"@type":"EntryPoint","urlTemplate":"https:\/\/kerea.mx\/?s={search_term_string}"},"query-input":"required name=search_term_string"}],"inLanguage":"es-MX"},{"@type":"Organization","@id":"https:\/\/kerea.mx\/#organization","name":"Kerea Soluciones de ingenier\u00eda","alternateName":"Ingenier\u00eda el\u00e9ctrica y construcci\u00f3n","url":"https:\/\/kerea.mx\/","logo":{"@type":"ImageObject","inLanguage":"es-MX","@id":"https:\/\/kerea.mx\/#\/schema\/logo\/image\/","url":"https:\/\/kerea.mx\/wp-content\/uploads\/2023\/08\/KEREA_LOGO.png","contentUrl":"https:\/\/kerea.mx\/wp-content\/uploads\/2023\/08\/KEREA_LOGO.png","width":826,"height":434,"caption":"Kerea Soluciones de ingenier\u00eda"},"image":{"@id":"https:\/\/kerea.mx\/#\/schema\/logo\/image\/"}}]}},"_links":{"self":[{"href":"https:\/\/kerea.mx\/index.php\/wp-json\/wp\/v2\/pages\/284"}],"collection":[{"href":"https:\/\/kerea.mx\/index.php\/wp-json\/wp\/v2\/pages"}],"about":[{"href":"https:\/\/kerea.mx\/index.php\/wp-json\/wp\/v2\/types\/page"}],"author":[{"embeddable":true,"href":"https:\/\/kerea.mx\/index.php\/wp-json\/wp\/v2\/users\/1"}],"replies":[{"embeddable":true,"href":"https:\/\/kerea.mx\/index.php\/wp-json\/wp\/v2\/comments?post=284"}],"version-history":[{"count":22,"href":"https:\/\/kerea.mx\/index.php\/wp-json\/wp\/v2\/pages\/284\/revisions"}],"predecessor-version":[{"id":1211,"href":"https:\/\/kerea.mx\/index.php\/wp-json\/wp\/v2\/pages\/284\/revisions\/1211"}],"wp:featuredmedia":[{"embeddable":true,"href":"https:\/\/kerea.mx\/index.php\/wp-json\/wp\/v2\/media\/37"}],"wp:attachment":[{"href":"https:\/\/kerea.mx\/index.php\/wp-json\/wp\/v2\/media?parent=284"}],"curies":[{"name":"wp","href":"https:\/\/api.w.org\/{rel}","templated":true}]}}